{"id":1334,"date":"2020-05-04T09:43:12","date_gmt":"2020-05-04T09:43:12","guid":{"rendered":"https:\/\/stage.door-al.hr\/?page_id=1334"},"modified":"2020-06-23T12:18:48","modified_gmt":"2020-06-23T12:18:48","slug":"sigurnosni-sustavi","status":"publish","type":"page","link":"https:\/\/staging.door-al.hr\/index.php\/sigurnosni-sustavi\/","title":{"rendered":"Sigurnosni sustavi"},"content":{"rendered":"<div id=\"pl-1334\"  class=\"panel-layout\" ><div id=\"pg-1334-0\"  class=\"panel-grid panel-has-style\" ><div class=\"siteorigin-panels-stretch panel-row-style panel-row-style-for-1334-0\" data-stretch-type=\"full-stretched\" ><div id=\"pgc-1334-0-0\"  class=\"panel-grid-cell\" ><div id=\"panel-1334-0-0-0\" class=\"so-panel widget widget_siteorigin-panels-builder panel-first-child panel-last-child\" data-index=\"0\" ><div id=\"pl-w5ef1f328b6677\"  class=\"panel-layout\" ><div id=\"pg-w5ef1f328b6677-0\"  class=\"panel-grid panel-has-style\" ><div class=\"panel-row-style panel-row-style-for-w5ef1f328b6677-0\" ><div id=\"pgc-w5ef1f328b6677-0-0\"  class=\"panel-grid-cell\" ><div id=\"panel-w5ef1f328b6677-0-0-0\" class=\"so-panel widget widget_sow-image panel-first-child panel-last-child\" data-index=\"0\" ><div class=\"panel-widget-style panel-widget-style-for-w5ef1f328b6677-0-0-0\" ><div class=\"so-widget-sow-image so-widget-sow-image-default-2ec334f0a340\">\n\n<div class=\"sow-image-container\">\n\t<img src=\"https:\/\/staging.door-al.hr\/wp-content\/uploads\/2020\/06\/sigurnost_c-1-1024x554.jpg\" width=\"900\" height=\"487\" srcset=\"https:\/\/staging.door-al.hr\/wp-content\/uploads\/2020\/06\/sigurnost_c-1-1024x554.jpg 1024w, https:\/\/staging.door-al.hr\/wp-content\/uploads\/2020\/06\/sigurnost_c-1-300x162.jpg 300w, https:\/\/staging.door-al.hr\/wp-content\/uploads\/2020\/06\/sigurnost_c-1-768x415.jpg 768w, https:\/\/staging.door-al.hr\/wp-content\/uploads\/2020\/06\/sigurnost_c-1-1536x830.jpg 1536w, https:\/\/staging.door-al.hr\/wp-content\/uploads\/2020\/06\/sigurnost_c-1.jpg 1800w\" sizes=\"(max-width: 900px) 100vw, 900px\" title=\"sigurnost_c\" alt=\"\" \t\tclass=\"so-widget-image\"\/>\n<\/div>\n\n<\/div><\/div><\/div><\/div><div id=\"pgc-w5ef1f328b6677-0-1\"  class=\"panel-grid-cell\" ><div id=\"panel-w5ef1f328b6677-0-1-0\" class=\"so-panel widget widget_black-studio-tinymce widget_black_studio_tinymce panel-first-child panel-last-child\" data-index=\"1\" ><div class=\"panel-widget-style panel-widget-style-for-w5ef1f328b6677-0-1-0\" ><div class=\"textwidget\"><div class=\"_2cuy _3dgx _2vxa\">\n<div class=\"_2cuy _3dgx _2vxa\">\n<p>Kako bi sigurnost bila na najvi\u0161em nivou u Door-AL ponudu uvrstili smo visokokvalitetne sigurnosne sustave.<\/p>\n<p>&nbsp;<\/p>\n<p><strong>U \u0161irokoj ponudi potra\u017eite:<\/strong><\/p>\n<p><div class=\"wt-list wt-list-style-\"><\/p>\n<ul>\n<li><i class=\"fa fa-arrow-circle-right\" style=\"color:#78ac2d\"><\/i> Video nadzore<\/li>\n<li><i class=\"fa fa-arrow-circle-right\" style=\"color:#78ac2d\"><\/i> Alarme<\/li>\n<li><i class=\"fa fa-arrow-circle-right\" style=\"color:#78ac2d\"><\/i> Pametne sustave zaklju\u010davanja<\/li>\n<li><i class=\"fa fa-arrow-circle-right\" style=\"color:#78ac2d\"><\/i> Antivandal tipkovnice<\/li>\n<\/ul>\n<p><\/div><\/p><\/div>\n<\/div>\n<\/div><\/div><\/div><\/div><\/div><\/div><\/div><\/div><\/div><\/div><\/div><div id=\"pg-1334-1\"  class=\"panel-grid panel-has-style\" ><div class=\"siteorigin-panels-stretch panel-row-style panel-row-style-for-1334-1\" id=\"reference\" data-stretch-type=\"full-stretched\" ><div id=\"pgc-1334-1-0\"  class=\"panel-grid-cell\" ><div id=\"panel-1334-1-0-0\" class=\"so-panel widget widget_quota quota panel-first-child panel-last-child\" data-index=\"1\" ><div class=\"textwidget\">\t<!-- CSS Part Start From Here-->\r\n\t<style>\t\r\n\tspan.hidden {\r\n\t\tdisplay: none;\r\n\t}\r\n\t.filtr-item .img-box { transform: scale3d(0.001, 0.001, 1); } \r\n\t\r\n\t.filtr-item .lazyimg  {\r\n\t\ttransition-property: transform, opacity;\r\n\t\ttransition-duration: 0.8s;\r\n\t\ttransform: scale3d(1, 1, 1);\r\n\t\ttransition-delay: 0.8s;\r\n\t}\r\n\tpf_no_more-1348 {\r\n\t\ttransition-delay: 0.8s;\r\n\t}\r\n\t\t#f-simplefilter-1348 {\r\n\t\tdisplay:none !important;\r\n\t}\r\n\t#all-simplefilter-1348 {\r\n\t\tdisplay:none !important;\r\n\t}\r\n\t\t#all-simplefilter-1348 {\r\n\t\tdisplay:inline;\r\n\t\tpadding-left: 0px !important;\r\n\t}\r\n\t#f-simplefilter-1348 {\r\n\t\tdisplay:inline;\r\n\t\tpadding-left: 0px !important;\r\n\t}\r\n\t\r\n\t.portfolio_wrapper {\r\n\t\tdirection: ltr;\r\n\t}\r\n\t.pf_load_more-1348 {\r\n\t\ttransition: background .3s linear,color .3s linear,border .3s linear,opacity .3s linear;\r\n\t\tpadding: 8px 37px;\r\n\t\tborder: 2px solid #ccc;\r\n\t\tcolor: #ccc;\r\n\t}\r\n\t.pf_load_more-1348:hover {\r\n\t\tborder-color: #B2B5BC;\r\n\t\tcolor: #B2B5BC;\r\n\t}\r\n\t.la-square-loader {\r\n\t\tcolor: #ffffff;\r\n\t}\r\n\t@keyframes .YouTubePopUp-Content  {\r\n\t\tfrom {\r\n\t\t\ttransform: translate3d(0, 100%, 0);\r\n\t\t\tvisibility: visible;\r\n\t\t}\r\n\t\tto {\r\n\t\t\ttransform: translate3d(0, 0, 0);\r\n\t\t}\r\n\t}\r\n\t.YouTubePopUp-Content  {\r\n\t\tanimation-name: .YouTubePopUp-Content ;\r\n\t}\r\n\t.YouTubePopUp-Close {\r\n\t\tbackground:url(https:\/\/staging.door-al.hr\/wp-content\/plugins\/portfolio-filter-gallery-premium\/\/img\/close-icon-white.png) no-repeat;\r\n\t\tbackground-size:50px 50px;\r\n\t\t-webkit-background-size:70px 50px;\r\n\t\t-moz-background-size:70px 50px;\r\n\t\t-o-background-size:70px 50px;\r\n\t}\r\n\t\t\/* .simplefilter li {\r\n\t\tmargin-bottom: 12px;\r\n\t} *\/\r\n\t.simplefilter ul li {\r\n\t\tlist-style: none;\r\n\t}\r\n\t\t\t\/* Filter controls *\/\r\n\t\t.simplefilter_1348 {\r\n\t\t\tpadding:0;\r\n\t\t\tmargin: 20px 0px 20px 0px;\r\n\t\t}\r\n\t\t.simplefilter_1348 li {\r\n\t\t\tcolor: white;\r\n\t\t\tmargin-bottom: 5px;\r\n\t\t\tcursor: pointer;\r\n\t\t\tdisplay: inline-block;\r\n\t\t\tfont-weight: normal;\r\n\t\t\tpadding: 5px 20px;\r\n\t\t\tbackground-color: #d7d7e299;\r\n\t\t}\r\n\t\t\r\n\t\t.simplefilter_1348 li {\r\n\t\t\ttransition: background .3s linear,color .3s linear,border .3s linear,opacity .3s linear;\r\n\t\t\t\t\t\tcolor: #ffffff !important;\r\n\t\t\t\t\t}\r\n\t\t@media only screen and (min-width: 1000px) {\r\n\t\t\t.simplefilter_1348 li:hover {\r\n\t\t\t\t\t\t\t}\r\n\t\t}\r\n\t\t\t\t.simplefilter_1348 li.active {\r\n\t\t\tbackground-color:  !important;\r\n\t\t\tcolor:#FFFFFF !important;\r\n\t\t}\r\n\t\t\r\n\t\t.wrapper-dropdown-5:after {\r\n\t\tborder-color:  transparent;\r\n\t}\r\n\t.wrapper-dropdown-5.active {\r\n\t\tbackground: ;\r\n\t}\r\n\twrapper-dropdown-5 .dropdown li:hover {\r\n\t\tcolor: ;\r\n\t}\r\n\t.wrapper-dropdown-5.active:after {\r\n\t\tborder-color: #eee transparent;\r\n\t}\r\n\t\t\t.filter_gallery_1348 .portfolio_thumbnail {\r\n\t\t\tborder-radius: 0;\r\n\t\t\tdisplay: block;\r\n\t\t\theight: auto;\r\n\t\t\tline-height: 1.42857;\r\n\t\t\twidth: 100%;\r\n\t\t}\r\n\t\t\/* thumb spacing *\/\r\n\t\t.filter_gallery_1348 .col-xs-1, .filter_gallery_1348 .col-sm-1, .filter_gallery_1348 .col-md-1, .filter_gallery_1348 .col-lg-1,\r\n\t\t.filter_gallery_1348 .col-xs-2, .filter_gallery_1348 .col-sm-2, .filter_gallery_1348 .col-md-2, .filter_gallery_1348 .col-lg-2,\r\n\t\t.filter_gallery_1348 .col-xs-3, .filter_gallery_1348 .col-sm-3, .filter_gallery_1348 .col-md-3, .filter_gallery_1348 .col-lg-3,\r\n\t\t.filter_gallery_1348 .col-xs-4, .filter_gallery_1348 .col-sm-4, .filter_gallery_1348 .col-md-4, .filter_gallery_1348 .col-lg-4,\r\n\t\t.filter_gallery_1348 .col-xs-5, .filter_gallery_1348 .col-sm-5, .filter_gallery_1348 .col-md-5, .filter_gallery_1348 .col-lg-5,\r\n\t\t.filter_gallery_1348 .col-xs-6, .filter_gallery_1348 .col-sm-6, .filter_gallery_1348 .col-md-6, .filter_gallery_1348 .col-lg-6,\r\n\t\t.filter_gallery_1348 .col-xs-7, .filter_gallery_1348 .col-sm-7, .filter_gallery_1348 .col-md-7, .filter_gallery_1348 .col-lg-7,\r\n\t\t.filter_gallery_1348 .col-xs-8, .filter_gallery_1348 .col-sm-8, .filter_gallery_1348 .col-md-8, .filter_gallery_1348 .col-lg-8,\r\n\t\t.filter_gallery_1348 .col-xs-9, .filter_gallery_1348 .col-sm-9, .filter_gallery_1348 .col-md-9, .filter_gallery_1348 .col-lg-9,\r\n\t\t.filter_gallery_1348 .col-xs-10, .filter_gallery_1348 .col-sm-10, .filter_gallery_1348 .col-md-10, .filter_gallery_1348 .col-lg-10,\r\n\t\t.filter_gallery_1348 .col-xs-11, .filter_gallery_1348 .col-sm-11, .filter_gallery_1348 .col-md-11, .filter_gallery_1348 .col-lg-11,\r\n\t\t.filter_gallery_1348.col-xs-12, .filter_gallery_1348 .col-sm-12, .filter_gallery_1348.col-md-12, .filter_gallery_1348.col-lg-12 {\r\n\t\t\tpadding-right: 2px !important;\r\n\t\t\tpadding-left: 2px !important;\r\n\t\t\tpadding-bottom: 2px !important;\r\n\t\t\tpadding-top: 2px !important;\r\n\t\t}\r\n\t\t\/* title box css*\/\r\n\t\t.pfg_title_box_1348 {\r\n\t\t\tposition: relative;\r\n\t\t\tbackground-color: ;\r\n\t\t\tpadding: 40px 20px;\r\n\t\t\tborder: 1px solid #d5d8dd;\r\n\t\t}\r\n\t\t.pfg_title_1348 {\r\n\t\t\tmargin-top: 0;\r\n\t\t\tfont-size: px;\r\n\t\t\tmargin-bottom: 0;\r\n\t\t\tcolor : ;\r\n\t\t}\r\n\t\t.pfg_desc_1348 {\r\n\t\t\tfont-size: 12px;\r\n\t\t\tcolor: #a4a6ac;\r\n\t\t}\r\n\t\t.pfg_desc_more_1348 {\r\n\t\t\tfloat: right\r\n\t\t}\r\n\t\t\/* thumbnail border *\/\r\n\t\t.thumbnail_1348 {\r\n\t\t\tborder: px solid  !important;\r\n\t\t\tpadding: 0px !important;\r\n\t\t}\r\n\t\t\t\t\t\t<\/style>\r\n\t<div class='portfolio_wrapper pfg-bootstrap' style=''>\t\t<div class=\" col-lg-12 col-md-12 col-xs-12 text-center\" style=\"padding:0\">\r\n\t\t\t<ul id=\"all-simplefilter-1348\" class=\"filtr-control-1348 simplefilter simplefilter_1348\">\r\n\t\t\t\t\t\t\t\t\t<li id=\"all\" class=\"active filtr-controls-1348\" data-filter=\"all\" >All<\/li>\r\n\t\t\t\t\t\t\t\t<\/ul>\r\n\t\t\t<ul id=\"f-simplefilter-1348\" class=\"filtr-control-1348 simplefilter simplefilter_1348\">\r\n\t\t\t\t\t\t\t<\/ul>\r\n\t\t<\/div>\r\n\t\t\t\t<div id =\"seacrh_shuffle\" class=\"\" style=\"padding:0\">\r\n\t\t\t\t\t\t<!-- Shuffle & Sort Controls -->\r\n\t\t\t\t\t<\/div>\r\n\t<!-- progress button -->\r\n\t<div class=\"loader_img pw-loader-wrapper\" style=\"\">\r\n\t\t<section class=\"pf_loader page page--mover\">\r\n\t\t\t<div class=\"la-square-loader\"><div><\/div><\/div>\r\n\t\t<\/section>\r\n\t<\/div>\r\n\t<!-- progress-button -->\r\n<script>\r\n\tfunction DropDown(el) {\r\n\t\tthis.filtersorting = el;\r\n\t\tthis.initEvents();\r\n\t}\r\n\tDropDown.prototype = {\r\n\t\tinitEvents : function() {\r\n\t\t\tvar obj = this;\r\n\t\t\tobj.filtersorting.on('click', function(event){\r\n\t\t\t\tjQuery(this).toggleClass('active');\r\n\t\t\t\tevent.stopPropagation();\r\n\t\t\t});\r\n\t\t}\r\n\t}\r\n\tjQuery(function() {\r\n\t\tvar filtersorting = new DropDown(jQuery('#filtersorting') );\r\n\t\tjQuery(document).click(function() {\r\n\t\t\t\/\/ all dropdowns\r\n\t\t\tjQuery('.wrapper-dropdown-5').removeClass('active');\r\n\t\t});\r\n\t});\r\n\tjQuery(function() {\r\n\t\tvar filterbox = new DropDown(jQuery('#filterbox') );\r\n\t\tjQuery(document).click(function() {\r\n\t\t\t\/\/ all dropdowns\r\n\t\t\tjQuery('.wrapper-dropdown-5').removeClass('active');\r\n\t\t});\r\n\t});\r\n\tjQuery('[data-filter]').click(function() {\r\n\t\tvar targetFilterhtml = jQuery(this).html();\r\n\t\t\/\/console.log(targetFilter);\r\n\t\tjQuery('.fil-head').text(targetFilterhtml);\r\n\t});\r\n<\/script>\t<div class=\"filter_gallery_1348 filtr-container filters-div\" style=\"opacity:0;\" id=\"filter_gallery_viewer\">\r\n\t\t\t\t\t\t\t\t\t\t\t\t\t<div data-category=\"\" data-sort=\"Pametni sustavi zaklju\u010davanja\" class=\" all-1348  pfg_theme_1 filtr-item filtr_item_1348 single_one col-lg-4 col-md-4 col-sm-6 col-xs-12\">\r\n\t\t\t\t\t\t\t<div class=\"img-box\">\r\n\t\t\t\t\t\t\t\t<a href=\"https:\/\/staging.door-al.hr\/wp-content\/uploads\/2020\/05\/smart.jpg\" data-lightbox=\"example-set\" data-title=\"Pametni sustavi zaklju\u010davanja\" data-alt=\"Pametni sustavi zaklju\u010davanja\" title=\"Pametni sustavi zaklju\u010davanja\">\r\n\t\t\t\t\t\t\t\t\t\t\t\t\t\t\t\t\t\t\t\t<figure class=\"snip1352\">\r\n\t\t\t\t\t\t\t\t\t\t\t\t<img class=\"thumbnail_1348 portfolio_thumbnail\" src=\"https:\/\/staging.door-al.hr\/wp-content\/uploads\/2020\/05\/smart.jpg\" alt=\"Pametni sustavi zaklju\u010davanja\" title=\"Pametni sustavi zaklju\u010davanja\" >\r\n\t\t\t\t\t\t\t\t\t\t\t\t<i class=\"fa fa-search\"><\/i>\r\n\t\t\t\t\t\t\t\t\t\t\t<\/figure>\r\n\t\t\t\t\t\t\t\t\t\t\t\t\t\t\t\t\t\t\t\t\t\t\t\t\t\t\t\t\t\t\t\t\t\t\t\t\t\t\t\t\t\t\t\t\t\t\t\t\t\t\t\r\n\t\t\t\t\t\t\t\t<\/a>\r\n\t\t\t\t\t\t\t\t<!-- Image Discription -->\r\n\t\t\t\t\t\t\t\t<div class=\"pfg_title_box_1348\">\r\n\t\t\t\t\t\t\t\t\t<h3 class=\"pfg_title_1348\">Pametni sustavi zaklju\u010davanja<\/h3>\r\n\t\t\t\t\t\t\t\t\t\t\t\t\t\t\t\t\t\t<span class=\"hidden\"><\/span>\r\n\t\t\t\t\t\t\t\t<\/div>\r\n\t\t\t\t\t\t\t\t\t\t\t\t\t\t\t\t<input type=\"hidden\" class=\"count_attached-1348\" value=\"1864\">\r\n\t\t\t\t\t\t\t<\/div>\r\n\t\t\t\t\t\t<\/div>\r\n\t\t\t\t\t\t\t\t\t\t\t\t\t\t\t\t\t<div data-category=\"\" data-sort=\"Sustav otklju\u010davanja na otisak\" class=\" all-1348  pfg_theme_1 filtr-item filtr_item_1348 single_one col-lg-4 col-md-4 col-sm-6 col-xs-12\">\r\n\t\t\t\t\t\t\t<div class=\"img-box\">\r\n\t\t\t\t\t\t\t\t<a href=\"https:\/\/staging.door-al.hr\/wp-content\/uploads\/2020\/05\/finger.jpg\" data-lightbox=\"example-set\" data-title=\"Sustav otklju\u010davanja na otisak\" data-alt=\"Sustav otklju\u010davanja na otisak\" title=\"Sustav otklju\u010davanja na otisak\">\r\n\t\t\t\t\t\t\t\t\t\t\t\t\t\t\t\t\t\t\t\t<figure class=\"snip1352\">\r\n\t\t\t\t\t\t\t\t\t\t\t\t<img class=\"thumbnail_1348 portfolio_thumbnail\" src=\"https:\/\/staging.door-al.hr\/wp-content\/uploads\/2020\/05\/finger.jpg\" alt=\"Sustav otklju\u010davanja na otisak\" title=\"Sustav otklju\u010davanja na otisak\" >\r\n\t\t\t\t\t\t\t\t\t\t\t\t<i class=\"fa fa-search\"><\/i>\r\n\t\t\t\t\t\t\t\t\t\t\t<\/figure>\r\n\t\t\t\t\t\t\t\t\t\t\t\t\t\t\t\t\t\t\t\t\t\t\t\t\t\t\t\t\t\t\t\t\t\t\t\t\t\t\t\t\t\t\t\t\t\t\t\t\t\t\t\r\n\t\t\t\t\t\t\t\t<\/a>\r\n\t\t\t\t\t\t\t\t<!-- Image Discription -->\r\n\t\t\t\t\t\t\t\t<div class=\"pfg_title_box_1348\">\r\n\t\t\t\t\t\t\t\t\t<h3 class=\"pfg_title_1348\">Sustav otklju\u010davanja na otisak<\/h3>\r\n\t\t\t\t\t\t\t\t\t\t\t\t\t\t\t\t\t\t<span class=\"hidden\"><\/span>\r\n\t\t\t\t\t\t\t\t<\/div>\r\n\t\t\t\t\t\t\t\t\t\t\t\t\t\t\t\t<input type=\"hidden\" class=\"count_attached-1348\" value=\"1866\">\r\n\t\t\t\t\t\t\t<\/div>\r\n\t\t\t\t\t\t<\/div>\r\n\t\t\t\t\t\t\t\t\t\t\t\t\t\t\t\t\t<div data-category=\"\" data-sort=\"Alarmi\" class=\" all-1348  pfg_theme_1 filtr-item filtr_item_1348 single_one col-lg-4 col-md-4 col-sm-6 col-xs-12\">\r\n\t\t\t\t\t\t\t<div class=\"img-box\">\r\n\t\t\t\t\t\t\t\t<a href=\"https:\/\/staging.door-al.hr\/wp-content\/uploads\/2020\/05\/alarmi-20200623-121401.jpg\" data-lightbox=\"example-set\" data-title=\"Alarmi\" data-alt=\"Alarmi\" title=\"Alarmi\">\r\n\t\t\t\t\t\t\t\t\t\t\t\t\t\t\t\t\t\t\t\t<figure class=\"snip1352\">\r\n\t\t\t\t\t\t\t\t\t\t\t\t<img class=\"thumbnail_1348 portfolio_thumbnail\" src=\"https:\/\/staging.door-al.hr\/wp-content\/uploads\/2020\/05\/alarmi-20200623-121401.jpg\" alt=\"Alarmi\" title=\"Alarmi\" >\r\n\t\t\t\t\t\t\t\t\t\t\t\t<i class=\"fa fa-search\"><\/i>\r\n\t\t\t\t\t\t\t\t\t\t\t<\/figure>\r\n\t\t\t\t\t\t\t\t\t\t\t\t\t\t\t\t\t\t\t\t\t\t\t\t\t\t\t\t\t\t\t\t\t\t\t\t\t\t\t\t\t\t\t\t\t\t\t\t\t\t\t\r\n\t\t\t\t\t\t\t\t<\/a>\r\n\t\t\t\t\t\t\t\t<!-- Image Discription -->\r\n\t\t\t\t\t\t\t\t<div class=\"pfg_title_box_1348\">\r\n\t\t\t\t\t\t\t\t\t<h3 class=\"pfg_title_1348\">Alarmi<\/h3>\r\n\t\t\t\t\t\t\t\t\t\t\t\t\t\t\t\t\t\t<span class=\"hidden\"><\/span>\r\n\t\t\t\t\t\t\t\t<\/div>\r\n\t\t\t\t\t\t\t\t\t\t\t\t\t\t\t\t<input type=\"hidden\" class=\"count_attached-1348\" value=\"1865\">\r\n\t\t\t\t\t\t\t<\/div>\r\n\t\t\t\t\t\t<\/div>\r\n\t\t\t\t\t\t\t\t\t\t\t\t\t\t\t\t\t<div data-category=\"\" data-sort=\"Video nadzor\" class=\" all-1348  pfg_theme_1 filtr-item filtr_item_1348 single_one col-lg-4 col-md-4 col-sm-6 col-xs-12\">\r\n\t\t\t\t\t\t\t<div class=\"img-box\">\r\n\t\t\t\t\t\t\t\t<a href=\"https:\/\/staging.door-al.hr\/wp-content\/uploads\/2020\/05\/sigurnost_cover.jpg\" data-lightbox=\"example-set\" data-title=\"Video nadzor\" data-alt=\"Video nadzor\" title=\"Video nadzor\">\r\n\t\t\t\t\t\t\t\t\t\t\t\t\t\t\t\t\t\t\t\t<figure class=\"snip1352\">\r\n\t\t\t\t\t\t\t\t\t\t\t\t<img class=\"thumbnail_1348 portfolio_thumbnail\" src=\"https:\/\/staging.door-al.hr\/wp-content\/uploads\/2020\/05\/sigurnost_cover.jpg\" alt=\"Video nadzor\" title=\"Video nadzor\" >\r\n\t\t\t\t\t\t\t\t\t\t\t\t<i class=\"fa fa-search\"><\/i>\r\n\t\t\t\t\t\t\t\t\t\t\t<\/figure>\r\n\t\t\t\t\t\t\t\t\t\t\t\t\t\t\t\t\t\t\t\t\t\t\t\t\t\t\t\t\t\t\t\t\t\t\t\t\t\t\t\t\t\t\t\t\t\t\t\t\t\t\t\r\n\t\t\t\t\t\t\t\t<\/a>\r\n\t\t\t\t\t\t\t\t<!-- Image Discription -->\r\n\t\t\t\t\t\t\t\t<div class=\"pfg_title_box_1348\">\r\n\t\t\t\t\t\t\t\t\t<h3 class=\"pfg_title_1348\">Video nadzor<\/h3>\r\n\t\t\t\t\t\t\t\t\t\t\t\t\t\t\t\t\t\t<span class=\"hidden\"><\/span>\r\n\t\t\t\t\t\t\t\t<\/div>\r\n\t\t\t\t\t\t\t\t\t\t\t\t\t\t\t\t<input type=\"hidden\" class=\"count_attached-1348\" value=\"1867\">\r\n\t\t\t\t\t\t\t<\/div>\r\n\t\t\t\t\t\t<\/div>\r\n\t\t\t\t\t\t\t<\/div>\r\n\t<div style=\"clear:both;\"><\/div>\r\n\t<\/div><script>\r\n\r\n\/\/ get filter from the shortcode\r\nvar list = jQuery('.filtr-container');\r\n\tvar listItems = list.children('.filtr-item');\r\n\tlist.append(listItems.get().reverse());\r\njQuery(document).ready(function() {\r\n\t\/\/ Animate loader off screen\r\n\tjQuery(\".loader_img\").hide();\r\n\tjQuery(\".lg_load_more\").show();\r\n\tjQuery(\".filtr-container\").css(\"opacity\", 1);\r\n\tjQuery('.filtr-item .img-box').addClass('lazyimg');\r\n\t\/\/Filterizd Default options\r\n\toptions = {\r\n\t\tanimationDuration: 0.5,\r\n\t\tcallbacks: {\r\n\t\t\tonFilteringStart: function() { },\r\n\t\t\tonFilteringEnd: function() { },\r\n\t\t\tonShufflingStart: function() { },\r\n\t\t\tonShufflingEnd: function() { },\r\n\t\t\tonSortingStart: function() { },\r\n\t\t\tonSortingEnd: function() { }\r\n\t\t},\r\n\t\tcontrolsSelector: '.filtr-controls-1348',\r\n\t\tfilter: 'all',\r\n\t\t filterOutCss: {\r\n\t\t  top:'0px',\r\n\t\t\tleft:'0px',\r\n\t\t\topacity: 0.001,\r\n\t\t\ttransform: ''\r\n\t\t  },\r\n\t\t  filterInCss: {\r\n\t\t\t  top:'0px',\r\n\t\t\tleft:'0px',\r\n\t\t\topacity: 1,\r\n\t\t\ttransform: ''\r\n\t\t  },\r\n\t\tselector: '.filtr-item',\r\n\t\tlayout: 'sameWidth',\r\n\t\t\t\tsetupControls: false,\r\n\t}\r\n\tvar filterizd = jQuery('.filter_gallery_1348').filterizr(options);\r\n\t\r\n\tif(jQuery('.portfolio_wrapper').length > 1) {\r\n\t   \t} else {\r\n\t\tjQuery('.filter_gallery_1348').imagesLoaded( function() {\r\n\t\t\t\/\/ images have already loaded, instantiate Filterizr\r\n\t\t\tjQuery('.filter_gallery_1348').filterizr(options);\r\n\t\t\t\t\t}); \r\n\t}\r\n\t\t\/\/***************** Video Plyer *********************\/\/\r\n\tjQuery(function(){\r\n      jQuery(\"a.bla-2-1348\").YouTubePopUp( { autoplay: 0 } ); \/\/ autoplay\r\n\t});\r\n\t\t\t\/\/***************** LD & Bootstrap Lightbox *********************\/\/\r\n\t\t\r\n\t\t\/\/ delegate calls to data-toggle=\"lightbox\"\r\n\t\tjQuery(document).delegate('*[data-toggle=\"lightbox\"]:not([data-gallery=\"navigateTo\"])', 'click', function(event) {\r\n\t\t\tevent.preventDefault();\r\n\t\t\treturn jQuery(this).ekkoLightbox({\r\n\t\t\t\tonShown: function() {\r\n\t\t\t\t\t\/* if (window.console) {\r\n\t\t\t\t\t\treturn console.log('Checking our the events huh?');\r\n\t\t\t\t\t} *\/\r\n\t\t\t\t},\r\n\t\t\t\tonNavigate: function(direction, itemIndex) {\r\n\t\t\t\t\tif (window.console) {\r\n\t\t\t\t\t\treturn console.log('Navigating '+direction+'. Current item: '+itemIndex);\r\n\t\t\t\t\t}\r\n\t\t\t\t}\r\n\t\t\t});\r\n\t\t});\r\n\r\n\t\t\/\/ navigateTo\r\n\t\tjQuery(document).delegate('*[data-gallery=\"navigateTo\"]', 'click', function(event) {\r\n\t\t\tevent.preventDefault();\r\n\r\n\t\t\tvar lb;\r\n\t\t\treturn jQuery(this).ekkoLightbox({\r\n\t\t\t\tonShown: function() {\r\n\t\t\t\t\tlb = this;\r\n\t\t\t\t\tjQuery(lb.modal_content).on('click', '.modal-footer a', function(e) {\r\n\t\t\t\t\t\te.preventDefault();\r\n\t\t\t\t\t\tlb.navigateTo(2);\r\n\t\t\t\t\t});\r\n\t\t\t\t}\r\n\t\t\t});\r\n\t\t});\r\n\t\t\t\t\/\/ toggle active class with li\r\n\tjQuery(function() {\r\n\t\t\/\/Simple filter controls\r\n\t\tjQuery('.filtr-control-1348 li').click(function() {\r\n\t\t\tjQuery('.filtr-control-1348 li').removeClass('active');\r\n\t\t\tjQuery(this).addClass('active');\r\n\t\t});\r\n\t\t\/\/Multifilter controls\r\n\t\tjQuery('.multifilter li').click(function() {\r\n\t\t\tjQuery(this).toggleClass('active');\r\n\t\t});\r\n\t\t\/\/Shuffle control\r\n\t\tjQuery('.shuffle-btn').click(function() {\r\n\t\t\tjQuery('.sort-btn').removeClass('active');\r\n\t\t});\r\n\t\t\/\/Sort controls\r\n\t\tjQuery('.sort-btn').click(function() {\r\n\t\t\tjQuery('.sort-btn').removeClass('active');\r\n\t\t\tjQuery(this).addClass('active');\r\n\t\t});\r\n\t});});\r\n<\/script>]\n<\/div><\/div><\/div><\/div><\/div><div id=\"pg-1334-2\"  class=\"panel-grid panel-has-style\" ><div class=\"siteorigin-panels-stretch panel-row-style panel-row-style-for-1334-2\" id=\"team\" data-stretch-type=\"full\" data-overlay=\"237,237,237\" data-opacity=\"0.9\" ><div id=\"pgc-1334-2-0\"  class=\"panel-grid-cell\" ><div id=\"panel-1334-2-0-0\" class=\"so-panel widget widget_black-studio-tinymce widget_black_studio_tinymce panel-first-child panel-last-child\" data-index=\"2\" ><div class=\"panel-widget-style panel-widget-style-for-1334-2-0-0\" ><div class=\"textwidget\"><div class=\"wt-animate\" style=\"visibility:hidden;-webkit-animation-duration:1s;-webkit-animation-delay:0s;animation-duration:1s;animation-delay:0s;\" data-animation=\"slideInLeft\" data-duration=\"1\" data-delay=\"0\"><img src=\"https:\/\/staging.door-al.hr\/wp-content\/uploads\/2020\/05\/\u0161tambilj1.jpg\" alt=\"staf-counceling-left-image-new\" width=\"822\" height=\"300\" class=\"alignnone size-full wp-image-94\" \/><\/div>\n\n<\/div><\/div><\/div><\/div><div id=\"pgc-1334-2-1\"  class=\"panel-grid-cell\" ><div id=\"panel-1334-2-1-0\" class=\"so-panel widget widget_black-studio-tinymce widget_black_studio_tinymce panel-first-child panel-last-child\" data-index=\"3\" ><div class=\"panel-widget-style panel-widget-style-for-1334-2-1-0\" ><div class=\"textwidget\"><h3 class=\"wt-heading wt-heading-style-2 wt-heading-align-left\" style=\"margin-top:0px; margin-bottom:0px; font-size: 30px; text-transform: uppercase; color: #000; letter-spacing: 0px; \"><span class=\"wt-heading-inner\" style=\"margin-top:0px; margin-bottom:0px; font-size: 30px; text-transform: uppercase; color: #000; letter-spacing: 0px; \">ZATRA\u017dITE PONUDU<\/span><\/h3><div class=\"wt-spacer\" style=\"height:20px\"><\/div>\n\n<span class=\"so-premium-web-font\" color=\"#fff\" style=\"font-family: Poppins, sans-serif;\" data-web-font-module=\"google\" data-font-info=\"{&quot;font&quot;:&quot;Poppins&quot;,&quot;webfont&quot;:true,&quot;category&quot;:&quot;sans-serif&quot;,&quot;variant&quot;:&quot;regular&quot;,&quot;module&quot;:&quot;google&quot;}\">Kontaktirajte nas i s na\u0161im savjetnicima dogovorite sve \u0161to vas interesira. Na\u0161i savjetnici vas \u010dekaju.<\/span>\n\n<div class=\"wt-spacer\" style=\"height:20px\"><\/div>\n<a href=\"https:\/\/staging.door-al.hr\/index.php\/contact-us\/\" data-hoverback=\"#a4d049\" data-currentbg=\"rgba(120,172,45, 1)\" data-currentbor=\"#78ac2d\" data-currentcolor=\"#ffffff\" data-hovercolor=\"#fff\" class=\"wt-button wt-button-style-flat\" style=\"color:#ffffff;background:rgba(120,172,45, 1);border-color:#78ac2d;border-radius:5px;-moz-border-radius:5px;-webkit-border-radius:5px\" target=\"_self\"><span style=\"padding:6px 18px;font-size:14px;line-height:24px;border-color:#78ac2d;border-radius:5px;-moz-border-radius:5px;-webkit-border-radius:5px;text-shadow:none;-moz-text-shadow:none;-webkit-text-shadow:none\">Zatra\u017ei ponudu <i class=\"fa fa-angle-double-right\" style=\"font-size:14px;color:#fff\"><\/i><\/span><\/a><\/div><\/div><\/div><\/div><\/div><\/div><\/div>","protected":false},"excerpt":{"rendered":"<p>Kako bi sigurnost bila na najvi\u0161em nivou u Door-AL ponudu uvrstili smo visokokvalitetne sigurnosne sustave. &nbsp;<a class=\"read-more\" href=\"https:\/\/staging.door-al.hr\/index.php\/awl_filter_gallery\/sigurnost\/\">&#8230;<\/a><\/p>\n","protected":false},"author":1,"featured_media":1870,"parent":0,"menu_order":0,"comment_status":"closed","ping_status":"closed","template":"","meta":[],"_links":{"self":[{"href":"https:\/\/staging.door-al.hr\/index.php\/wp-json\/wp\/v2\/pages\/1334"}],"collection":[{"href":"https:\/\/staging.door-al.hr\/index.php\/wp-json\/wp\/v2\/pages"}],"about":[{"href":"https:\/\/staging.door-al.hr\/index.php\/wp-json\/wp\/v2\/types\/page"}],"author":[{"embeddable":true,"href":"https:\/\/staging.door-al.hr\/index.php\/wp-json\/wp\/v2\/users\/1"}],"replies":[{"embeddable":true,"href":"https:\/\/staging.door-al.hr\/index.php\/wp-json\/wp\/v2\/comments?post=1334"}],"version-history":[{"count":21,"href":"https:\/\/staging.door-al.hr\/index.php\/wp-json\/wp\/v2\/pages\/1334\/revisions"}],"predecessor-version":[{"id":1874,"href":"https:\/\/staging.door-al.hr\/index.php\/wp-json\/wp\/v2\/pages\/1334\/revisions\/1874"}],"wp:featuredmedia":[{"embeddable":true,"href":"https:\/\/staging.door-al.hr\/index.php\/wp-json\/wp\/v2\/media\/1870"}],"wp:attachment":[{"href":"https:\/\/staging.door-al.hr\/index.php\/wp-json\/wp\/v2\/media?parent=1334"}],"curies":[{"name":"wp","href":"https:\/\/api.w.org\/{rel}","templated":true}]}}